{"id":1736,"date":"2024-08-27T20:31:05","date_gmt":"2024-08-28T01:31:05","guid":{"rendered":"https:\/\/cyber-requip.com.co\/Requip\/?page_id=1736"},"modified":"2025-01-28T14:46:30","modified_gmt":"2025-01-28T19:46:30","slug":"servicios-2","status":"publish","type":"page","link":"https:\/\/cyber-requip.com.co\/Requip\/index.php\/servicios-2\/","title":{"rendered":"Servicios"},"content":{"rendered":"<div class=\"wpb-content-wrapper\"><p>[vc_row][vc_column width=&#8221;1\/3&#8243;][vc_single_image image=&#8221;2485&#8243; img_size=&#8221;full&#8221; css=&#8221;&#8221;][\/vc_column][vc_column width=&#8221;1\/3&#8243;][\/vc_column][vc_column width=&#8221;1\/3&#8243;][\/vc_column][\/vc_row][vc_row][vc_column css=&#8221;.vc_custom_1737583677216{margin-top: 5px !important;}&#8221;][vc_row_inner][vc_column_inner][vc_custom_heading text=&#8221;Programe el mantenimiento y revisi\u00f3n de sus equipos con nosotros&#8221; font_container=&#8221;tag:h1|font_size:25|text_align:center|color:%23203f5d&#8221; use_theme_fonts=&#8221;yes&#8221; css=&#8221;.vc_custom_1737588547773{margin-top: 6px !important;}&#8221;][vc_empty_space height=&#8221;20&#8243;][\/vc_column_inner][\/vc_row_inner][vc_row_inner][vc_column_inner width=&#8221;1\/4&#8243;][vc_column_text css=&#8221;&#8221;][\/vc_column_text][\/vc_column_inner][vc_column_inner width=&#8221;1\/2&#8243;][vc_column_text css=&#8221;&#8221;]<\/p>\n<p style=\"text-align: left;\"><strong>La confiabilidad de los equipos se traduce en rendimiento, eficiencia, estabilidad y seguridad operacional, un mantenimiento programado<br \/>\ny bien ejecutado, significa:<\/strong><\/p>\n<ul>\n<li>Evitar paradas indeseadas.<\/li>\n<li>Reducir p\u00e9rdidas de producci\u00f3n.<\/li>\n<li>Reducci\u00f3n de costos de reparaci\u00f3n o reposici\u00f3n de equipos.<\/li>\n<li>Conservaci\u00f3n del equipo lo que permite alcanzar su ciclo de vida \u00fatil.<\/li>\n<li>Garantizar el pay back de la inversi\u00f3n en el equipo.<\/li>\n<\/ul>\n<p>[\/vc_column_text][\/vc_column_inner][vc_column_inner width=&#8221;1\/4&#8243;][\/vc_column_inner][\/vc_row_inner][\/vc_column][\/vc_row][vc_row][vc_column][vc_tta_accordion section_title_tag=&#8221;h3&#8243; color=&#8221;sky&#8221; spacing=&#8221;2&#8243; gap=&#8221;2&#8243; c_align=&#8221;left&#8221; active_section=&#8221;1&#8243; no_fill=&#8221;true&#8221; collapsible_all=&#8221;true&#8221;][vc_tta_section i_icon_fontawesome=&#8221;fas fa-arrow-circle-right&#8221; add_icon=&#8221;true&#8221; title=&#8221;iris xr&#8221; tab_id=&#8221;1724638442010-e4ee7a6d-6992&#8243;][vc_row_inner][vc_column_inner width=&#8221;1\/4&#8243;][vc_single_image image=&#8221;2452&#8243; img_size=&#8221;full&#8221; css=&#8221;&#8221;][\/vc_column_inner][vc_column_inner width=&#8221;1\/4&#8243;][\/vc_column_inner][vc_column_inner width=&#8221;1\/4&#8243;][\/vc_column_inner][vc_column_inner width=&#8221;1\/4&#8243;][\/vc_column_inner][\/vc_row_inner][vc_row_inner][vc_column_inner][vc_custom_heading text=&#8221;INSPECCI\u00d3N MEDICI\u00d3N DE ESPESORES&#8221; font_container=&#8221;tag:h1|font_size:25|text_align:left|color:%23203f5d&#8221; use_theme_fonts=&#8221;yes&#8221; css=&#8221;&#8221;][\/vc_column_inner][\/vc_row_inner][vc_row_inner][vc_column_inner][vc_column_text css=&#8221;&#8221;]Inspecci\u00f3n para medici\u00f3n de espesores de tuber\u00edas por ultrasonido, para diagnosticar la vida remanente de las tuber\u00edas en intercambiadores de calor, banco principal de calderas, enfriadores, condensadores y calentadores.<\/p>\n<p>El iris utiliza una t\u00e9cnica de eco pulsaci\u00f3n ultras\u00f3nica, mientras el espejo va rotando, la onda u\/s\u00f3nica barre la circunferencia completamente arrojando 360 lecturas por giro. La tuber\u00eda debe ser inundada con agua, una sonda teledirigida longitudinalmente hace un mapeo de las dimensiones internas, externas y el ancho la pared.[\/vc_column_text][\/vc_column_inner][\/vc_row_inner][vc_row_inner][vc_column_inner][vc_single_image image=&#8221;2454&#8243; img_size=&#8221;full&#8221; css=&#8221;&#8221;][\/vc_column_inner][\/vc_row_inner][\/vc_tta_section][vc_tta_section i_icon_fontawesome=&#8221;fas fa-arrow-circle-right&#8221; add_icon=&#8221;true&#8221; title=&#8221;zanini renk&#8221; tab_id=&#8221;1724639240212-dab92f53-e2ef&#8221;][vc_row_inner][vc_column_inner width=&#8221;1\/4&#8243;][vc_single_image image=&#8221;2365&#8243; img_size=&#8221;full&#8221; css=&#8221;&#8221;][\/vc_column_inner][vc_column_inner width=&#8221;1\/4&#8243;][\/vc_column_inner][vc_column_inner width=&#8221;1\/4&#8243;][\/vc_column_inner][vc_column_inner width=&#8221;1\/4&#8243;][\/vc_column_inner][\/vc_row_inner][vc_custom_heading text=&#8221;REDUCTORES DE VELOCIDAD&#8221; font_container=&#8221;tag:h2|font_size:25|text_align:left|color:%23203f5d&#8221; use_theme_fonts=&#8221;yes&#8221; css=&#8221;&#8221;][vc_row_inner][vc_column_inner][vc_column_text css=&#8221;&#8221;]La calidad de los servicios es fundamental para la operaci\u00f3n continua de sus equipos. Se aplica toda la experiencia de m\u00e1s de 40 a\u00f1os, incluso para reductores de otras marcas. Reformas y repotenciaciones.<\/p>\n<ul>\n<li>Renovaci\u00f3n de reductores especiales para diferentes aplicaciones.<\/li>\n<li>Mantenimiento preventivo, predictivo y de seguimiento.<\/li>\n<li>Soporte t\u00e9cnico (an\u00e1lisis de vibraciones y an\u00e1lisis de aceite).<\/li>\n<li>Re mecanizado de carcasas, enfriamiento y rectificado de engranajes.<\/li>\n<li>Repotenciaci\u00f3n: actualizaci\u00f3n o sustituci\u00f3n de piezas con conservaci\u00f3n de las caracter\u00edsticas.<\/li>\n<\/ul>\n<p>Ponemos a disposici\u00f3n nuestros servicios de inspecci\u00f3n, revisi\u00f3n, mantenimiento y puesta en marcha para verificar el estado general de nuestros reductores.[\/vc_column_text][\/vc_column_inner][\/vc_row_inner][vc_row_inner][vc_column_inner width=&#8221;1\/4&#8243;][vc_single_image image=&#8221;1563&#8243; img_size=&#8221;full&#8221; css=&#8221;&#8221;][\/vc_column_inner][vc_column_inner width=&#8221;1\/4&#8243;][vc_single_image image=&#8221;1562&#8243; img_size=&#8221;full&#8221; css=&#8221;&#8221;][\/vc_column_inner][vc_column_inner width=&#8221;1\/4&#8243;][vc_single_image image=&#8221;1561&#8243; img_size=&#8221;full&#8221; css=&#8221;&#8221;][\/vc_column_inner][vc_column_inner width=&#8221;1\/4&#8243;][vc_single_image image=&#8221;1560&#8243; img_size=&#8221;full&#8221; css=&#8221;&#8221;][\/vc_column_inner][\/vc_row_inner][\/vc_tta_section][vc_tta_section i_icon_fontawesome=&#8221;fas fa-arrow-circle-right&#8221; add_icon=&#8221;true&#8221; title=&#8221;NG&#8221; tab_id=&#8221;1724639239424-45b78116-39da&#8221;][vc_row_inner][vc_column_inner width=&#8221;1\/4&#8243;][vc_single_image image=&#8221;2372&#8243; img_size=&#8221;full&#8221; css=&#8221;&#8221;][\/vc_column_inner][vc_column_inner width=&#8221;1\/4&#8243;][\/vc_column_inner][vc_column_inner width=&#8221;1\/4&#8243;][\/vc_column_inner][vc_column_inner width=&#8221;1\/4&#8243;][\/vc_column_inner][\/vc_row_inner][vc_row_inner][vc_column_inner][vc_custom_heading text=&#8221;TURBINAS A VAPOR Y SISTEMAS DE AUTOMATIZACI\u00d3N Y CONTROL&#8221; font_container=&#8221;tag:h2|font_size:25|text_align:left|color:%23203f5d&#8221; use_theme_fonts=&#8221;yes&#8221; css=&#8221;&#8221;][\/vc_column_inner][\/vc_row_inner][vc_row_inner][vc_column_inner width=&#8221;1\/2&#8243;][vc_column_text css=&#8221;&#8221;]Un equipo con gran experiencia de campo del Sistema Service, formado por m\u00e1s de 50 profesionales entre ingenieros mec\u00e1nicos, el\u00e9ctricos y electr\u00f3nicos, supervisores y montadores, proporcionan todo el soporte necesario para la atenci\u00f3n y servicios de campo.<\/p>\n<ul>\n<li>Revisi\u00f3n completa de m\u00e1quinas (proyecto y ejecuci\u00f3n).<\/li>\n<li>Retrofit.<\/li>\n<li>Soluciones de problemas y reparaciones.<\/li>\n<li>Sustituci\u00f3n de partes y componentes.<\/li>\n<li>Seguimiento de los equipos.<\/li>\n<li>Evaluaci\u00f3n del funcionamiento.<\/li>\n<li>Estudios para reacondicionamiento y modernizaci\u00f3n.<\/li>\n<li>Estudios y programaci\u00f3n de controles de los turbos.<\/li>\n<li>Desmontaje y remontaje.<\/li>\n<li>Instalaci\u00f3n de nuevos equipamientos.<\/li>\n<li>Entrega y pruebas.<\/li>\n<li>Puesta en marcha.<\/li>\n<\/ul>\n<p>[\/vc_column_text][\/vc_column_inner][vc_column_inner width=&#8221;1\/2&#8243;][vc_single_image image=&#8221;2475&#8243; img_size=&#8221;full&#8221; css=&#8221;&#8221;][\/vc_column_inner][\/vc_row_inner][vc_row_inner][vc_column_inner width=&#8221;1\/2&#8243;][vc_custom_heading text=&#8221;Servicio en sistemas de control&#8221; font_container=&#8221;tag:h2|font_size:20|text_align:left|color:%23203f5d&#8221; use_theme_fonts=&#8221;yes&#8221; css=&#8221;&#8221;][vc_column_text css=&#8221;&#8221;]Detalles y coordinaci\u00f3n de proyectos de automatizaci\u00f3n.<br \/>\nAutomatizaci\u00f3n e instrumentaci\u00f3n, incluyendo la actualizaci\u00f3n de reguladores mec\u00e1nicos obsoletos para sistemas electr\u00f3nicos totalmente automatizados.<br \/>\nApoyo y entrenamiento.<\/p>\n<p>Mantenimientos correctivos, inspecciones programadas y atenci\u00f3n de emergencia totalmente integrados.<\/p>\n<p>Disponemos de estructuras y profesionales para realizar el apoyo, la alteraci\u00f3n y el mantenimiento en sistemas a distancia por medio del acceso remoto en PLC, SDCD y los sistemas de supervisi\u00f3n y reguladores de velocidad cuando tal servicio es ofrecido.[\/vc_column_text][\/vc_column_inner][vc_column_inner width=&#8221;1\/2&#8243;][vc_custom_heading text=&#8221;Reingenier\u00eda&#8221; font_container=&#8221;tag:h2|font_size:20|text_align:left|color:%23203f5d&#8221; use_theme_fonts=&#8221;yes&#8221; css=&#8221;&#8221;][vc_column_text css=&#8221;&#8221;]Varias herramientas de software utilizadas por la ingenier\u00eda, un brazo tridimensional de medici\u00f3n 3D es usado para perfeccionar la productividad y el control de calidad, investigando eventuales problemas y generando datos para el an\u00e1lisis de la modernizaci\u00f3n de m\u00e1quinas.<\/p>\n<p>La reingenier\u00eda y la t\u00e9cnica de elementos finitos son aplicados en las principales partes de la turbina: paletas, cojinetes, carcasas, rotores y reductores.[\/vc_column_text][\/vc_column_inner][\/vc_row_inner][\/vc_tta_section][vc_tta_section i_icon_fontawesome=&#8221;fas fa-arrow-circle-right&#8221; add_icon=&#8221;true&#8221; title=&#8221;weg&#8221; tab_id=&#8221;1724639238682-fcd9636b-7158&#8243;][vc_row_inner][vc_column_inner width=&#8221;1\/4&#8243;][vc_single_image image=&#8221;2382&#8243; img_size=&#8221;full&#8221; css=&#8221;&#8221;][\/vc_column_inner][vc_column_inner width=&#8221;1\/4&#8243;][\/vc_column_inner][vc_column_inner width=&#8221;1\/4&#8243;][\/vc_column_inner][vc_column_inner width=&#8221;1\/4&#8243;][\/vc_column_inner][\/vc_row_inner][vc_row_inner][vc_column_inner][vc_custom_heading text=&#8221;GENERACI\u00d3N Y COGENERACI\u00d3N DE ENERG\u00cdA&#8221; font_container=&#8221;tag:h2|font_size:25|text_align:left|color:%23203f5d&#8221; use_theme_fonts=&#8221;yes&#8221; css=&#8221;&#8221;][\/vc_column_inner][\/vc_row_inner][vc_row_inner][vc_column_inner width=&#8221;1\/2&#8243;][vc_column_text css=&#8221;&#8221;]Servicios de revisi\u00f3n, mantenimiento y overhaul de:<\/p>\n<ul>\n<li>Generadores.<\/li>\n<li>Motores.<\/li>\n<li>Variadores.<\/li>\n<li>Celdas y tableros el\u00e9ctricos.<\/li>\n<li>Eficiencia energ\u00e9tica \u2013 WEG (ingenier\u00eda).<\/li>\n<\/ul>\n<p>[\/vc_column_text][\/vc_column_inner][vc_column_inner width=&#8221;1\/2&#8243;][vc_single_image image=&#8221;2477&#8243; img_size=&#8221;full&#8221; css=&#8221;&#8221;][\/vc_column_inner][\/vc_row_inner][\/vc_tta_section][vc_tta_section i_icon_fontawesome=&#8221;fas fa-arrow-circle-right&#8221; add_icon=&#8221;true&#8221; title=&#8221;tja&#8221; tab_id=&#8221;1724639237928-aa70f9b4-216e&#8221;][vc_row_inner][vc_column_inner width=&#8221;1\/4&#8243;][vc_single_image image=&#8221;2383&#8243; img_size=&#8221;full&#8221; css=&#8221;&#8221;][\/vc_column_inner][vc_column_inner width=&#8221;1\/4&#8243;][\/vc_column_inner][vc_column_inner width=&#8221;1\/4&#8243;][\/vc_column_inner][vc_column_inner width=&#8221;1\/4&#8243;][\/vc_column_inner][\/vc_row_inner][vc_row_inner][vc_column_inner][vc_custom_heading text=&#8221;V\u00c1LVULAS INDUSTRIALES&#8221; font_container=&#8221;tag:h2|font_size:25|text_align:left|color:%23203f5d&#8221; use_theme_fonts=&#8221;yes&#8221; css=&#8221;&#8221;][\/vc_column_inner][\/vc_row_inner][vc_row_inner][vc_column_inner width=&#8221;1\/2&#8243;][vc_column_text css=&#8221;&#8221;]Brindamos soporte en la prevenci\u00f3n y correcci\u00f3n de equipos con el objetivo de la continuidad operativa e informando la necesidad real de reemplazo, actualizaci\u00f3n y mantenimiento. TJA cuenta con un equipo de profesionales calificados y experimentados para ayudar a los clientes en la soluci\u00f3n de problemas operativos; p\u00e9rdidas de energ\u00eda y del proceso de fabricaci\u00f3n, optimizaciones de evaporaci\u00f3n, fugas en v\u00e1lvulas, ahorro de agua, etc.<\/p>\n<ul>\n<li>Mantenimiento preventivo y correctivo.<\/li>\n<li>Planificaci\u00f3n estrat\u00e9gica.<\/li>\n<li>Adaptaci\u00f3n de equipos.<\/li>\n<li>Modernizaci\u00f3n y seguridad.<\/li>\n<li>Adecuaci\u00f3n operativa.<\/li>\n<li>Verificaci\u00f3n de equipos instalados.<\/li>\n<li>Prueba y puesta en marcha de equipos.<\/li>\n<li>Seguimiento operativo.<\/li>\n<li>Soporte t\u00e9cnico en procedimientos operativos.<\/li>\n<li>Formaci\u00f3n operativa.<\/li>\n<\/ul>\n<p>[\/vc_column_text][\/vc_column_inner][vc_column_inner width=&#8221;1\/2&#8243;][vc_single_image image=&#8221;2479&#8243; img_size=&#8221;full&#8221; css=&#8221;&#8221;][\/vc_column_inner][\/vc_row_inner][\/vc_tta_section][vc_tta_section i_icon_fontawesome=&#8221;fas fa-arrow-circle-right&#8221; add_icon=&#8221;true&#8221; title=&#8221;Galeria&#8221; tab_id=&#8221;1724639237028-90c02877-8f44&#8243;][vc_raw_html]JTBB[\/vc_raw_html][vc_row_inner][vc_column_inner][vc_gallery type=&#8221;image_grid&#8221; images=&#8221;1906,1908,1915,1914,1923,1916,2087,2093&#8243; img_size=&#8221;full&#8221; css=&#8221;&#8221;][\/vc_column_inner][\/vc_row_inner][\/vc_tta_section][\/vc_tta_accordion][\/vc_column][\/vc_row]<\/p>\n<\/div>","protected":false},"excerpt":{"rendered":"<p>[vc_row][vc_column width=&#8221;1\/3&#8243;][vc_single_image image=&#8221;2485&#8243; img_size=&#8221;full&#8221; css=&#8221;&#8221;][\/vc_column][vc_column width=&#8221;1\/3&#8243;][\/vc_column][vc_column width=&#8221;1\/3&#8243;][\/vc_column][\/vc_row][vc_row][vc_column css=&#8221;.vc_custom_1737583677216{margin-top: 5px !important;}&#8221;][vc_row_inner][vc_column_inner][vc_custom_heading text=&#8221;Programe el mantenimiento y revisi\u00f3n de sus equipos con nosotros&#8221; font_container=&#8221;tag:h1|font_size:25|text_align:center|color:%23203f5d&#8221; use_theme_fonts=&#8221;yes&#8221; css=&#8221;.vc_custom_1737588547773{margin-top: 6px !important;}&#8221;][vc_empty_space height=&#8221;20&#8243;][\/vc_column_inner][\/vc_row_inner][vc_row_inner][vc_column_inner width=&#8221;1\/4&#8243;][vc_column_text css=&#8221;&#8221;][\/vc_column_text][\/vc_column_inner][vc_column_inner width=&#8221;1\/2&#8243;][vc_column_text css=&#8221;&#8221;] La confiabilidad de&#8230;<\/p>\n","protected":false},"author":1,"featured_media":0,"parent":0,"menu_order":0,"comment_status":"closed","ping_status":"closed","template":"","meta":{"footnotes":""},"class_list":["post-1736","page","type-page","status-publish","hentry"],"_links":{"self":[{"href":"https:\/\/cyber-requip.com.co\/Requip\/index.php\/wp-json\/wp\/v2\/pages\/1736","targetHints":{"allow":["GET"]}}],"collection":[{"href":"https:\/\/cyber-requip.com.co\/Requip\/index.php\/wp-json\/wp\/v2\/pages"}],"about":[{"href":"https:\/\/cyber-requip.com.co\/Requip\/index.php\/wp-json\/wp\/v2\/types\/page"}],"author":[{"embeddable":true,"href":"https:\/\/cyber-requip.com.co\/Requip\/index.php\/wp-json\/wp\/v2\/users\/1"}],"replies":[{"embeddable":true,"href":"https:\/\/cyber-requip.com.co\/Requip\/index.php\/wp-json\/wp\/v2\/comments?post=1736"}],"version-history":[{"count":64,"href":"https:\/\/cyber-requip.com.co\/Requip\/index.php\/wp-json\/wp\/v2\/pages\/1736\/revisions"}],"predecessor-version":[{"id":2558,"href":"https:\/\/cyber-requip.com.co\/Requip\/index.php\/wp-json\/wp\/v2\/pages\/1736\/revisions\/2558"}],"wp:attachment":[{"href":"https:\/\/cyber-requip.com.co\/Requip\/index.php\/wp-json\/wp\/v2\/media?parent=1736"}],"curies":[{"name":"wp","href":"https:\/\/api.w.org\/{rel}","templated":true}]}}