{"id":1274,"date":"2015-10-21T07:42:32","date_gmt":"2015-10-21T07:42:32","guid":{"rendered":"http:\/\/logistics.stylemixthemes.com\/\/?page_id=2"},"modified":"2024-11-28T18:07:22","modified_gmt":"2024-11-28T23:07:22","slug":"home","status":"publish","type":"page","link":"https:\/\/cyber-requip.com.co\/Requip\/","title":{"rendered":"Home"},"content":{"rendered":"<div class=\"wpb-content-wrapper\"><p>[vc_row][vc_column]\n\t\t\t<!-- START Main Slider REVOLUTION SLIDER 6.6.20 --><p class=\"rs-p-wp-fix\"><\/p>\n\t\t\t<rs-module-wrap id=\"rev_slider_1_1_wrapper\" data-source=\"gallery\" style=\"visibility:hidden;background:#ffffff;padding:0;margin:0px auto;margin-top:0;margin-bottom:0;\">\n\t\t\t\t<rs-module id=\"rev_slider_1_1\" style=\"\" data-version=\"6.6.20\">\n\t\t\t\t\t<rs-slides style=\"overflow: hidden; position: absolute;\">\n\t\t\t\t\t\t<rs-slide style=\"position: absolute;\" data-key=\"rs-1\" data-title=\"Slide\" data-thumb=\"\/\/cyber-requip.com.co\/Requip\/wp-content\/uploads\/2024\/11\/infgenio.png_new-100x100.png\" data-anim=\"ms:1500;f:nodelay;o:outin;\" data-in=\"prst:rndany;x:(15%);y:(-10%);r:20;sx:0.7;sy:0.7;e:power2.out;\" data-out=\"x:cyc((60%)|(130%));y:cyc(-90%|170%);r:cyc((-30)|(60));sx:1.3;sy:1.2;row:2;\">\n\t\t\t\t\t\t\t<img decoding=\"async\" src=\"\/\/cyber-requip.com.co\/Requip\/wp-content\/plugins\/revslider\/public\/assets\/assets\/dummy.png\" alt=\"\" title=\"infgenio.png_new\" width=\"2288\" height=\"1226\" class=\"rev-slidebg tp-rs-img rs-lazyload\" data-lazyload=\"\/\/cyber-requip.com.co\/Requip\/wp-content\/uploads\/2024\/11\/infgenio.png_new.png\" data-parallax=\"off\" data-panzoom=\"d:10000;ss:100;se:100;\" data-no-retina>\n<!--\n\t\t\t\t\t\t\t--><rs-layer\n\t\t\t\t\t\t\t\tid=\"slider-1-slide-1-layer-5\" \n\t\t\t\t\t\t\t\tclass=\"slider_line tp-shape tp-shapewrapper\"\n\t\t\t\t\t\t\t\tdata-type=\"shape\"\n\t\t\t\t\t\t\t\tdata-xy=\"xo:-1px,0,0,0;yo:340px,302px,206px,127px;\"\n\t\t\t\t\t\t\t\tdata-text=\"s:20,17,11,6;l:0,22,15,9;fw:900;\"\n\t\t\t\t\t\t\t\tdata-dim=\"w:167,148,101,62;h:10,8,5,3;\"\n\t\t\t\t\t\t\t\tdata-rsp_o=\"off\"\n\t\t\t\t\t\t\t\tdata-rsp_bd=\"off\"\n\t\t\t\t\t\t\t\tdata-frame_0=\"x:-100%;y:-183px,-162px,-110px,-67px;o:1;\"\n\t\t\t\t\t\t\t\tdata-frame_0_mask=\"u:t;\"\n\t\t\t\t\t\t\t\tdata-frame_1=\"x:-166px,-147px,-100px,-61px;y:-240px,-213px,-145px,-89px;e:Strong.easeOut;sp:1400;\"\n\t\t\t\t\t\t\t\tdata-frame_1_mask=\"u:t;\"\n\t\t\t\t\t\t\t\tdata-frame_999=\"x:-100%;st:1790;sR:390;\"\n\t\t\t\t\t\t\t\tdata-frame_999_mask=\"u:t;\"\n\t\t\t\t\t\t\t\tstyle=\"z-index:6;background-color:rgba(255,255,255,1);\"\n\t\t\t\t\t\t\t> \n\t\t\t\t\t\t\t<\/rs-layer><!--\n-->\t\t\t\t\t\t<\/rs-slide>\n\t\t\t\t\t\t<rs-slide style=\"position: absolute;\" data-key=\"rs-2\" data-title=\"Slide\" data-thumb=\"\/\/cyber-requip.com.co\/Requip\/wp-content\/uploads\/2024\/11\/img_preoductos_new-100x100.png\" data-in=\"prst:rndany;o:0;y:-100%;\" class=\"overlay\">\n\t\t\t\t\t\t\t<img decoding=\"async\" src=\"\/\/cyber-requip.com.co\/Requip\/wp-content\/plugins\/revslider\/public\/assets\/assets\/dummy.png\" alt=\"\" title=\"img_preoductos_new\" width=\"1600\" height=\"739\" class=\"rev-slidebg tp-rs-img rs-lazyload\" data-lazyload=\"\/\/cyber-requip.com.co\/Requip\/wp-content\/uploads\/2024\/11\/img_preoductos_new.png\" data-parallax=\"off\" data-panzoom=\"d:10000;ss:100;se:100;\" data-no-retina>\n<!--\n\t\t\t\t\t\t\t--><rs-layer\n\t\t\t\t\t\t\t\tid=\"slider-1-slide-2-layer-2\" \n\t\t\t\t\t\t\t\tclass=\"STM-Title\"\n\t\t\t\t\t\t\t\tdata-type=\"text\"\n\t\t\t\t\t\t\t\tdata-color=\"rgba(255,255,255,1)\"\n\t\t\t\t\t\t\t\tdata-xy=\"xo:80px,80px,80px,14px;yo:337px,337px,337px,269px;\"\n\t\t\t\t\t\t\t\tdata-text=\"s:60,60,60,30;l:69,69,69,35;ls:2,2,2,1;\"\n\t\t\t\t\t\t\t\tdata-rsp_o=\"off\"\n\t\t\t\t\t\t\t\tdata-rsp_bd=\"off\"\n\t\t\t\t\t\t\t\tdata-frame_0=\"y:64px,64px,64px,32px;\"\n\t\t\t\t\t\t\t\tdata-frame_1=\"x:0px,0px,0px,-9px;y:0px,0px,0px,-37px;e:Strong.easeOut;st:70;sp:5440;sR:70;\"\n\t\t\t\t\t\t\t\tdata-frame_999=\"y:64px,64px,64px,32px;o:0;e:nothing;st:w;sp:500;sR:490;\"\n\t\t\t\t\t\t\t\tstyle=\"z-index:8;font-family:'Titillium Web';\"\n\t\t\t\t\t\t\t>NUESTROS PRODUCTOS \n\t\t\t\t\t\t\t<\/rs-layer><!--\n\n\t\t\t\t\t\t\t--><rs-layer\n\t\t\t\t\t\t\t\tid=\"slider-1-slide-2-layer-5\" \n\t\t\t\t\t\t\t\tclass=\"slider_line tp-shape tp-shapewrapper\"\n\t\t\t\t\t\t\t\tdata-type=\"shape\"\n\t\t\t\t\t\t\t\tdata-rsp_ch=\"on\"\n\t\t\t\t\t\t\t\tdata-xy=\"xo:84px;yo:397px;\"\n\t\t\t\t\t\t\t\tdata-text=\"fw:900;\"\n\t\t\t\t\t\t\t\tdata-dim=\"w:50px;h:3px;\"\n\t\t\t\t\t\t\t\tdata-frame_0=\"x:-100%;o:1;\"\n\t\t\t\t\t\t\t\tdata-frame_0_mask=\"u:t;\"\n\t\t\t\t\t\t\t\tdata-frame_1=\"x:3px;y:123px;e:Strong.easeOut;sp:5500;\"\n\t\t\t\t\t\t\t\tdata-frame_1_mask=\"u:t;\"\n\t\t\t\t\t\t\t\tdata-frame_999=\"x:-100%;st:w;sp:500;sR:800;\"\n\t\t\t\t\t\t\t\tdata-frame_999_mask=\"u:t;\"\n\t\t\t\t\t\t\t\tstyle=\"z-index:7;background-color:rgba(255,255,255,1);\"\n\t\t\t\t\t\t\t> \n\t\t\t\t\t\t\t<\/rs-layer><!--\n\n\t\t\t\t\t\t\t--><p\n\t\t\t\t\t\t\t\tid=\"slider-1-slide-2-layer-6\" \n\t\t\t\t\t\t\t\tclass=\"rs-layer STM-Text\"\n\t\t\t\t\t\t\t\tdata-type=\"text\"\n\t\t\t\t\t\t\t\tdata-color=\"rgba(255,255,255,1)\"\n\t\t\t\t\t\t\t\tdata-xy=\"xo:76px,169px,122px,16px;yo:458px,392px,387px,350px;\"\n\t\t\t\t\t\t\t\tdata-text=\"s:26,23,15,15;l:46,40,27,25;\"\n\t\t\t\t\t\t\t\tdata-rsp_o=\"off\"\n\t\t\t\t\t\t\t\tdata-rsp_bd=\"off\"\n\t\t\t\t\t\t\t\tdata-frame_0=\"y:82px;\"\n\t\t\t\t\t\t\t\tdata-frame_1=\"x:4px,0px,0px,-7px;y:-29px,0px,0px,-54px;e:Strong.easeOut;sp:5450;sR:10;\"\n\t\t\t\t\t\t\t\tdata-frame_999=\"y:82px;o:0;e:nothing;st:w;sp:500;sR:600;\"\n\t\t\t\t\t\t\t\tstyle=\"z-index:9;font-family:'Roboto';\"\n\t\t\t\t\t\t\t>Nuestro portafolio nos permite brindar m\u00faltiples<br\/> soluciones y alternativas de desarrollo para el sector <br\/>industrial energ\u00e9tico, Papel - Celulosa, Cemento, <br\/>Sider\u00fargicas y en especial el Sucro-Alcoholero. \n\t\t\t\t\t\t\t<\/p><!--\n\n\t\t\t\t\t\t\t--><rs-layer\n\t\t\t\t\t\t\t\tid=\"slider-1-slide-2-layer-9\" \n\t\t\t\t\t\t\t\tclass=\"slider_text_bg tp-shape tp-shapewrapper\"\n\t\t\t\t\t\t\t\tdata-type=\"shape\"\n\t\t\t\t\t\t\t\tdata-rsp_ch=\"on\"\n\t\t\t\t\t\t\t\tdata-xy=\"xo:12px,65px,-3px,-2px;yo:312px,209px,220px,200px;\"\n\t\t\t\t\t\t\t\tdata-dim=\"w:953px,953px,779px,509px;h:326px,326px,376px,311px;\"\n\t\t\t\t\t\t\t\tdata-frame_1=\"x:-1px;y:16px;e:power2.inOut;\"\n\t\t\t\t\t\t\t\tdata-frame_999=\"o:0;e:nothing;st:w;sp:500;sR:6000;\"\n\t\t\t\t\t\t\t\tstyle=\"z-index:6;background-color:rgba(0,0,0,0.5);\"\n\t\t\t\t\t\t\t> \n\t\t\t\t\t\t\t<\/rs-layer><!--\n-->\t\t\t\t\t\t<\/rs-slide>\n\t\t\t\t\t\t<rs-slide style=\"position: absolute;\" data-key=\"rs-3\" data-title=\"Slide\" data-thumb=\"\/\/cyber-requip.com.co\/Requip\/wp-content\/uploads\/2024\/11\/img2_servicios_new-100x100.png\" data-in=\"prst:rndany;o:0;y:100%;\" data-out=\"a:false;\" class=\"overlay\">\n\t\t\t\t\t\t\t<img decoding=\"async\" src=\"\/\/cyber-requip.com.co\/Requip\/wp-content\/plugins\/revslider\/public\/assets\/assets\/dummy.png\" alt=\"\" title=\"img2_servicios_new\" width=\"2288\" height=\"1226\" class=\"rev-slidebg tp-rs-img rs-lazyload\" data-lazyload=\"\/\/cyber-requip.com.co\/Requip\/wp-content\/uploads\/2024\/11\/img2_servicios_new.png\" data-parallax=\"off\" data-panzoom=\"d:10000;ss:100;se:100;\" data-no-retina>\n<!--\n\t\t\t\t\t\t\t--><rs-layer\n\t\t\t\t\t\t\t\tid=\"slider-1-slide-3-layer-2\" \n\t\t\t\t\t\t\t\tclass=\"STM-Title\"\n\t\t\t\t\t\t\t\tdata-type=\"text\"\n\t\t\t\t\t\t\t\tdata-color=\"rgba(255,255,255,1)\"\n\t\t\t\t\t\t\t\tdata-rsp_ch=\"on\"\n\t\t\t\t\t\t\t\tdata-xy=\"xo:53px,53px,53px,20px;yo:332px,332px,332px,330px;\"\n\t\t\t\t\t\t\t\tdata-text=\"s:60,60,60,40;l:68;ls:2;\"\n\t\t\t\t\t\t\t\tdata-dim=\"w:617;h:84;\"\n\t\t\t\t\t\t\t\tdata-frame_0=\"y:62px;\"\n\t\t\t\t\t\t\t\tdata-frame_1=\"e:Strong.easeOut;st:830;sp:1130;sR:830;\"\n\t\t\t\t\t\t\t\tdata-frame_999=\"y:62px;o:0;e:nothing;st:4000;sp:400;sR:2040;\"\n\t\t\t\t\t\t\t\tstyle=\"z-index:7;font-family:'Titillium Web';\"\n\t\t\t\t\t\t\t>NUESTROS SERVICIOS \n\t\t\t\t\t\t\t<\/rs-layer><!--\n\n\t\t\t\t\t\t\t--><rs-layer\n\t\t\t\t\t\t\t\tid=\"slider-1-slide-3-layer-5\" \n\t\t\t\t\t\t\t\tclass=\"slider_line tp-shape tp-shapewrapper\"\n\t\t\t\t\t\t\t\tdata-type=\"shape\"\n\t\t\t\t\t\t\t\tdata-rsp_ch=\"on\"\n\t\t\t\t\t\t\t\tdata-xy=\"xo:80px;yo:306px;\"\n\t\t\t\t\t\t\t\tdata-text=\"fw:900;\"\n\t\t\t\t\t\t\t\tdata-dim=\"w:50px;h:3px;\"\n\t\t\t\t\t\t\t\tdata-frame_0=\"x:-100%;o:1;\"\n\t\t\t\t\t\t\t\tdata-frame_0_mask=\"u:t;\"\n\t\t\t\t\t\t\t\tdata-frame_1=\"x:0,0,0,-72px;y:0,0,0,1px;e:Strong.easeOut;st:740;sp:1160;sR:740;\"\n\t\t\t\t\t\t\t\tdata-frame_1_mask=\"u:t;\"\n\t\t\t\t\t\t\t\tdata-frame_999=\"x:-100%;st:4000;sR:2100;\"\n\t\t\t\t\t\t\t\tdata-frame_999_mask=\"u:t;\"\n\t\t\t\t\t\t\t\tstyle=\"z-index:9;background-color:rgba(255,255,255,1);\"\n\t\t\t\t\t\t\t> \n\t\t\t\t\t\t\t<\/rs-layer><!--\n\n\t\t\t\t\t\t\t--><p\n\t\t\t\t\t\t\t\tid=\"slider-1-slide-3-layer-6\" \n\t\t\t\t\t\t\t\tclass=\"rs-layer STM-Text\"\n\t\t\t\t\t\t\t\tdata-type=\"text\"\n\t\t\t\t\t\t\t\tdata-color=\"rgba(255,255,255,1)\"\n\t\t\t\t\t\t\t\tdata-rsp_ch=\"on\"\n\t\t\t\t\t\t\t\tdata-xy=\"xo:297px,297px,297px,149px;yo:494px,494px,494px,441px;\"\n\t\t\t\t\t\t\t\tdata-text=\"s:25,25,25,16;l:43,43,43,35;\"\n\t\t\t\t\t\t\t\tdata-frame_0=\"y:78px;\"\n\t\t\t\t\t\t\t\tdata-frame_1=\"x:-36px;y:-16px;e:Strong.easeOut;st:730;sp:1250;sR:730;\"\n\t\t\t\t\t\t\t\tdata-frame_999=\"y:78px;o:0;e:nothing;st:4000;sp:400;sR:2020;\"\n\t\t\t\t\t\t\t\tstyle=\"z-index:8;font-family:'Roboto';\"\n\t\t\t\t\t\t\t>Ofrecemos servicios integrales con personal <br\/>altamente calificado y experimentado. \n\t\t\t\t\t\t\t<\/p><!--\n\n\t\t\t\t\t\t\t--><rs-layer\n\t\t\t\t\t\t\t\tid=\"slider-1-slide-3-layer-9\" \n\t\t\t\t\t\t\t\tclass=\"slider_text_bg tp-shape tp-shapewrapper\"\n\t\t\t\t\t\t\t\tdata-type=\"shape\"\n\t\t\t\t\t\t\t\tdata-rsp_ch=\"on\"\n\t\t\t\t\t\t\t\tdata-xy=\"xo:15px,15px,15px,-49px;yo:240px,240px,240px,232px;\"\n\t\t\t\t\t\t\t\tdata-dim=\"w:822px;h:380px;\"\n\t\t\t\t\t\t\t\tdata-frame_1=\"x:1px,1px,1px,-36px;y:-2px;e:power2.inOut;sp:2150;\"\n\t\t\t\t\t\t\t\tdata-frame_999=\"o:0;e:nothing;st:4000;sR:1850;\"\n\t\t\t\t\t\t\t\tstyle=\"z-index:6;background-color:rgba(0,0,0,0.6);\"\n\t\t\t\t\t\t\t> \n\t\t\t\t\t\t\t<\/rs-layer><!--\n-->\t\t\t\t\t\t<\/rs-slide>\n\t\t\t\t\t\t<rs-slide style=\"position: absolute;\" data-key=\"rs-4\" data-title=\"Slide\" data-thumb=\"\/\/cyber-requip.com.co\/Requip\/wp-content\/uploads\/2024\/11\/WhatsApp-Image-2024-11-28-at-9.42.36-AM-100x100.png\" data-anim=\"d:15;ms:1000;f:center;\" data-in=\"prst:rndany;o:0;x:cyc(-10|10);y:cyc(-10|10);r:cyc(-10|10);sx:0.1;sy:0.1;row:8;col:8;\" class=\"overlay\">\n\t\t\t\t\t\t\t<img decoding=\"async\" src=\"\/\/cyber-requip.com.co\/Requip\/wp-content\/plugins\/revslider\/public\/assets\/assets\/dummy.png\" alt=\"\" title=\"WhatsApp Image 2024-11-28 at 9.42.36 AM\" width=\"1000\" height=\"562\" class=\"rev-slidebg tp-rs-img rs-lazyload\" data-lazyload=\"\/\/cyber-requip.com.co\/Requip\/wp-content\/uploads\/2024\/11\/WhatsApp-Image-2024-11-28-at-9.42.36-AM.png\" data-parallax=\"off\" data-panzoom=\"d:10000;ss:100;se:100;\" data-no-retina>\n<!--\n\t\t\t\t\t\t\t--><rs-layer\n\t\t\t\t\t\t\t\tid=\"slider-1-slide-4-layer-2\" \n\t\t\t\t\t\t\t\tclass=\"STM-Title\"\n\t\t\t\t\t\t\t\tdata-type=\"text\"\n\t\t\t\t\t\t\t\tdata-color=\"rgba(255,255,255,1)\"\n\t\t\t\t\t\t\t\tdata-rsp_ch=\"on\"\n\t\t\t\t\t\t\t\tdata-xy=\"xo:69px,69px,69px,37px;yo:346px,346px,346px,329px;\"\n\t\t\t\t\t\t\t\tdata-text=\"s:60,60,60,40;l:67;ls:2;\"\n\t\t\t\t\t\t\t\tdata-frame_0=\"y:62px;\"\n\t\t\t\t\t\t\t\tdata-frame_1=\"e:Strong.easeOut;st:710;sp:2580;sR:710;\"\n\t\t\t\t\t\t\t\tdata-frame_999=\"y:62px;o:0;e:nothing;st:4000;sp:400;sR:710;\"\n\t\t\t\t\t\t\t\tstyle=\"z-index:8;font-family:'Titillium Web';\"\n\t\t\t\t\t\t\t>PROYECTOS \n\t\t\t\t\t\t\t<\/rs-layer><!--\n\n\t\t\t\t\t\t\t--><rs-layer\n\t\t\t\t\t\t\t\tid=\"slider-1-slide-4-layer-5\" \n\t\t\t\t\t\t\t\tclass=\"slider_line tp-shape tp-shapewrapper\"\n\t\t\t\t\t\t\t\tdata-type=\"shape\"\n\t\t\t\t\t\t\t\tdata-rsp_ch=\"on\"\n\t\t\t\t\t\t\t\tdata-xy=\"xo:80px;yo:306px;\"\n\t\t\t\t\t\t\t\tdata-text=\"fw:900;\"\n\t\t\t\t\t\t\t\tdata-dim=\"w:50px;h:3px;\"\n\t\t\t\t\t\t\t\tdata-frame_0=\"x:-100%;o:1;\"\n\t\t\t\t\t\t\t\tdata-frame_0_mask=\"u:t;\"\n\t\t\t\t\t\t\t\tdata-frame_1=\"e:Strong.easeOut;st:1060;sp:2170;sR:1060;\"\n\t\t\t\t\t\t\t\tdata-frame_1_mask=\"u:t;\"\n\t\t\t\t\t\t\t\tdata-frame_999=\"x:-100%;st:4000;sR:770;\"\n\t\t\t\t\t\t\t\tdata-frame_999_mask=\"u:t;\"\n\t\t\t\t\t\t\t\tstyle=\"z-index:7;background-color:rgba(255,255,255,1);\"\n\t\t\t\t\t\t\t> \n\t\t\t\t\t\t\t<\/rs-layer><!--\n\n\t\t\t\t\t\t\t--><p\n\t\t\t\t\t\t\t\tid=\"slider-1-slide-4-layer-6\" \n\t\t\t\t\t\t\t\tclass=\"rs-layer STM-Text\"\n\t\t\t\t\t\t\t\tdata-type=\"text\"\n\t\t\t\t\t\t\t\tdata-color=\"rgba(255,255,255,1)\"\n\t\t\t\t\t\t\t\tdata-rsp_ch=\"on\"\n\t\t\t\t\t\t\t\tdata-xy=\"xo:218px,218px,218px,123px;yo:461px,461px,461px,441px;\"\n\t\t\t\t\t\t\t\tdata-text=\"s:25,25,25,17;l:43;\"\n\t\t\t\t\t\t\t\tdata-frame_0=\"y:76px;\"\n\t\t\t\t\t\t\t\tdata-frame_1=\"e:Strong.easeOut;st:650;sp:2660;sR:650;\"\n\t\t\t\t\t\t\t\tdata-frame_999=\"y:76px;o:0;e:nothing;st:4000;sp:400;sR:690;\"\n\t\t\t\t\t\t\t\tstyle=\"z-index:9;font-family:'Roboto';\"\n\t\t\t\t\t\t\t>Proyectos, asesor\u00edas especializadas, <br>ingenier\u00eda y montaje.\n \n\t\t\t\t\t\t\t<\/p><!--\n\n\t\t\t\t\t\t\t--><rs-layer\n\t\t\t\t\t\t\t\tid=\"slider-1-slide-4-layer-9\" \n\t\t\t\t\t\t\t\tclass=\"slider_text_bg tp-shape tp-shapewrapper\"\n\t\t\t\t\t\t\t\tdata-type=\"shape\"\n\t\t\t\t\t\t\t\tdata-rsp_ch=\"on\"\n\t\t\t\t\t\t\t\tdata-xy=\"yo:264px;\"\n\t\t\t\t\t\t\t\tdata-dim=\"w:781px;h:335px;\"\n\t\t\t\t\t\t\t\tdata-frame_1=\"e:power2.inOut;st:470;sp:2830;sR:470;\"\n\t\t\t\t\t\t\t\tdata-frame_999=\"o:0;e:nothing;st:4000;sR:700;\"\n\t\t\t\t\t\t\t\tstyle=\"z-index:6;background-color:rgba(0,0,0,0.6);\"\n\t\t\t\t\t\t\t> \n\t\t\t\t\t\t\t<\/rs-layer><!--\n-->\t\t\t\t\t\t<\/rs-slide>\n\t\t\t\t\t<\/rs-slides>\n\t\t\t\t<\/rs-module>\n\t\t\t\t<script>\n\t\t\t\t\tsetREVStartSize({c: 'rev_slider_1_1',rl:[1240,1024,778,480],el:[720,767.998,960,720],gw:[1280,1140,778,480],gh:[720,768,960,720],type:'standard',justify:'',layout:'fullwidth',mh:\"0\"});if (window.RS_MODULES!==undefined && window.RS_MODULES.modules!==undefined && window.RS_MODULES.modules[\"revslider11\"]!==undefined) {window.RS_MODULES.modules[\"revslider11\"].once = false;window.revapi1 = undefined;if (window.RS_MODULES.checkMinimal!==undefined) window.RS_MODULES.checkMinimal()}\n\t\t\t\t<\/script>\n\t\t\t<\/rs-module-wrap>\n\t\t\t<!-- END REVOLUTION SLIDER -->\n[\/vc_column][\/vc_row][vc_row full_width=&#8221;stretch_row&#8221; css=&#8221;.vc_custom_1731455504965{background-image: url(https:\/\/cyber-requip.com.co\/Requip\/wp-content\/uploads\/2024\/11\/equipo_bg.png?id=1825) !important;background-position: center !important;background-repeat: no-repeat !important;background-size: cover !important;}&#8221;][vc_column offset=&#8221;vc_col-lg-6 vc_col-md-6&#8243; css=&#8221;.vc_custom_1731455562214{background-position: center !important;background-repeat: no-repeat !important;background-size: cover !important;}&#8221;][vc_empty_space height=&#8221;40px&#8221;][vc_column_text css_animation=&#8221;fadeInDown&#8221; css=&#8221;.vc_custom_1732835177531{background-position: center !important;background-repeat: no-repeat !important;background-size: contain !important;}&#8221;]<\/p>\n<h2>Conocimiento en todas las \u00e1reas de la industria azucarera<\/h2>\n<p><span style=\"color: #000000; font-family: arial, helvetica, sans-serif;\">REQUIP-CYBERSTEEL cuenta con m\u00e1s de 25 a\u00f1os de experiencia en la ejecuci\u00f3n de proyectos, suministro de equipos, repuestos, asistencia t\u00e9cnica especializada, ingenier\u00eda y consultor\u00eda para la industria de Az\u00facar-Alcohol en Colombia y varios pa\u00edses de Latinoam\u00e9rica con m\u00e1s de 10 representaciones de equipos industriales de clase mundial.<\/span>[\/vc_column_text][vc_row_inner][vc_column_inner width=&#8221;1\/2&#8243;][\/vc_column_inner][vc_column_inner width=&#8221;1\/2&#8243;][\/vc_column_inner][\/vc_row_inner][vc_empty_space height=&#8221;40px&#8221;][\/vc_column][\/vc_row][vc_row full_width=&#8221;stretch_row&#8221; css=&#8221;.vc_custom_1450270522171{margin-bottom: 0px !important;padding-top: 40px !important;padding-bottom: 14px !important;}&#8221; el_class=&#8221;secondary_bg_color&#8221;][vc_column width=&#8221;1\/2&#8243; offset=&#8221;vc_col-lg-3 vc_col-md-3&#8243; css=&#8221;.vc_custom_1449142338264{margin-bottom: 30px !important;}&#8221;][stm_counter counter_value=&#8221;+50&#8243; icon_width=&#8221;85&#8243; icon_size=&#8221;55&#8243; title=&#8221;Grandes<br \/>\nProyectos&#8221; icon_color=&#8221;#ffffff&#8221; icon=&#8221;fas fa-hard-hat&#8221;][\/vc_column][vc_column width=&#8221;1\/2&#8243; offset=&#8221;vc_col-lg-3 vc_col-md-3&#8243; css=&#8221;.vc_custom_1449142329000{margin-bottom: 30px !important;}&#8221;][stm_counter counter_value=&#8221;+10&#8243; icon_size=&#8221;68&#8243; title=&#8221;Clientes Internacionales&#8221; icon_color=&#8221;#ffffff&#8221; icon=&#8221;stm-clients-worldwide&#8221;][\/vc_column][vc_column width=&#8221;1\/2&#8243; offset=&#8221;vc_col-lg-3 vc_col-md-3&#8243; css=&#8221;.vc_custom_1449142343672{margin-bottom: 30px !important;}&#8221;][stm_counter counter_value=&#8221;+15&#8243; icon_width=&#8221;100&#8243; icon_size=&#8221;50&#8243; title=&#8221;Clientes Nacionales&#8221; icon_color=&#8221;#ffffff&#8221; icon=&#8221;stm-people-in-team-old&#8221;][\/vc_column][vc_column width=&#8221;1\/2&#8243; offset=&#8221;vc_col-lg-3 vc_col-md-3&#8243; css=&#8221;.vc_custom_1449142350247{margin-bottom: 30px !important;}&#8221;][stm_counter counter_value=&#8221;+10&#8243; drawing=&#8221;yes&#8221; icon_width=&#8221;100&#8243; icon_size=&#8221;67&#8243; title=&#8221;Representadas&#8221; icon_color=&#8221;#ffffff&#8221; drawing_icon=&#8221;stm-packaging-and-storage&#8221;][\/vc_column][\/vc_row][vc_row full_width=&#8221;stretch_row&#8221; equal_height=&#8221;yes&#8221; parallax=&#8221;content-moving&#8221; css=&#8221;.vc_custom_1731620453417{margin-bottom: 80px !important;background-color: #1e73be !important;}&#8221;][vc_column css=&#8221;.vc_custom_1450330273622{padding-top: 60px !important;padding-right: 0px !important;padding-bottom: 60px !important;}&#8221;][vc_custom_heading text=&#8221;Alcance su prop\u00f3sito a trav\u00e9s de nuestros equipos 100% seguros&#8221; font_container=&#8221;tag:h2|text_align:center|color:%23ffffff&#8221; use_theme_fonts=&#8221;yes&#8221; css_animation=&#8221;fadeInDown&#8221; css=&#8221;&#8221; el_class=&#8221;base_font_color heading_without_line&#8221;][vc_column_text css_animation=&#8221;fadeInDown&#8221; css=&#8221;&#8221;]<\/p>\n<p style=\"text-align: center;\"><span style=\"color: #ffffff;\">Consolidar una alianza estrat\u00e9gica con el objetivo de proyectar nuevos escenarios e ideas de crecimiento<br \/>\ny\/o mejoramiento con el fin de aportar al progreso socio-econ\u00f3mico de la regi\u00f3n.<\/span>[\/vc_column_text][\/vc_column][\/vc_row][vc_row css=&#8221;.vc_custom_1450356867512{margin-bottom: 0px !important;padding-top: 53px !important;padding-bottom: 53px !important;}&#8221;][vc_column][vc_custom_heading text=&#8221;Clientes nacionales&#8221; font_container=&#8221;tag:h1|font_size:36|text_align:left&#8221; use_theme_fonts=&#8221;yes&#8221; css_animation=&#8221;fadeInDown&#8221; css=&#8221;&#8221;][\/vc_column][\/vc_row][vc_row css=&#8221;.vc_custom_1450356867512{margin-bottom: 0px !important;padding-top: 53px !important;padding-bottom: 53px !important;}&#8221;][vc_column][stm_image_carousel img_size=&#8221;full&#8221; autoplay=&#8221;yes&#8221; timeout=&#8221;2000&#8243; loop=&#8221;yes&#8221; smart_speed=&#8221;150&#8243; items=&#8221;5&#8243; items_mobile=&#8221;2&#8243; images=&#8221;1355,1357,1359,1360,1361,1362,1364,1365,1366,1367,1368,1370,1371,1373,1374,1375,1377,2313&#8243;][\/vc_column][\/vc_row][vc_row css=&#8221;.vc_custom_1450356867512{margin-bottom: 0px !important;padding-top: 53px !important;padding-bottom: 53px !important;}&#8221;][vc_column][vc_custom_heading text=&#8221;Clientes internacionales&#8221; font_container=&#8221;tag:h1|font_size:36|text_align:left&#8221; use_theme_fonts=&#8221;yes&#8221; css_animation=&#8221;fadeInDown&#8221; css=&#8221;&#8221;][\/vc_column][\/vc_row][vc_row css=&#8221;.vc_custom_1450356867512{margin-bottom: 0px !important;padding-top: 53px !important;padding-bottom: 53px !important;}&#8221;][vc_column][stm_image_carousel img_size=&#8221;full&#8221; autoplay=&#8221;yes&#8221; timeout=&#8221;2000&#8243; loop=&#8221;yes&#8221; smart_speed=&#8221;150&#8243; items=&#8221;4&#8243; items_small_desktop=&#8221;4&#8243; items_mobile=&#8221;2&#8243; images=&#8221;2151,2152,2153,2154&#8243;][\/vc_column][\/vc_row][vc_row full_width=&#8221;stretch_row&#8221; equal_height=&#8221;yes&#8221; content_placement=&#8221;middle&#8221; css=&#8221;.vc_custom_1724808485728{margin-bottom: 0px !important;margin-left: 0px !important;background-color: #f7f7f7 !important;}&#8221; el_class=&#8221;reset-sm-paddings&#8221;][vc_column css=&#8221;.vc_custom_1450444940366{padding-top: 80px !important;padding-bottom: 31px !important;}&#8221; offset=&#8221;vc_col-lg-5 vc_col-md-6&#8243;][vc_custom_heading text=&#8221;\u00bfQu\u00e9 nos hace especiales?&#8221; font_container=&#8221;tag:h2|font_size:36|text_align:left&#8221; use_theme_fonts=&#8221;yes&#8221; css_animation=&#8221;fadeInDown&#8221; css=&#8221;&#8221;][vc_column_text css=&#8221;&#8221;][\/vc_column_text][\/vc_column][vc_column offset=&#8221;vc_col-lg-7 vc_col-md-6&#8243; css=&#8221;.vc_custom_1450444946350{padding-left: 45px !important;}&#8221;][vc_row_inner css=&#8221;.vc_custom_1449127190171{margin-bottom: 0px !important;}&#8221; el_class=&#8221;reset-sm-paddings&#8221;][vc_column_inner width=&#8221;1\/2&#8243; css=&#8221;.vc_custom_1450423994691{margin-bottom: 44px !important;}&#8221; offset=&#8221;vc_col-xs-12&#8243;][stm_icon drawing=&#8221;yes&#8221; icon_position=&#8221;icon_position_left&#8221; icon_width_svg=&#8221;68&#8243; icon_size=&#8221;71&#8243; icon_width=&#8221;95&#8243; title_font_size=&#8221;16&#8243; title_font_weight=&#8221;600&#8243; title=&#8221;PRODUCTOS<br \/>\nESPECIALES&#8221; drawing_icon=&#8221;stm-packaging-and-storage&#8221;][\/vc_column_inner][vc_column_inner width=&#8221;1\/2&#8243; css=&#8221;.vc_custom_1450423999162{margin-bottom: 44px !important;}&#8221; offset=&#8221;vc_col-xs-12&#8243;][stm_icon drawing=&#8221;yes&#8221; icon_position=&#8221;icon_position_left&#8221; icon_width_svg=&#8221;71&#8243; icon_size=&#8221;64&#8243; icon_width=&#8221;95&#8243; title_font_size=&#8221;16&#8243; title_font_weight=&#8221;600&#8243; title=&#8221;GRAN EQUIPO<br \/>\nHUMANO&#8221; drawing_icon=&#8221;stm-people-in-team&#8221;][\/vc_column_inner][\/vc_row_inner][vc_row_inner css=&#8221;.vc_custom_1449127193884{margin-bottom: 0px !important;}&#8221; el_class=&#8221;reset-sm-paddings&#8221;][vc_column_inner width=&#8221;1\/2&#8243; css=&#8221;.vc_custom_1450424067703{margin-bottom: 44px !important;}&#8221; offset=&#8221;vc_col-xs-12&#8243;][stm_icon drawing=&#8221;yes&#8221; icon_position=&#8221;icon_position_left&#8221; icon_width_svg=&#8221;72&#8243; icon_size=&#8221;51&#8243; icon_width=&#8221;95&#8243; title_font_size=&#8221;16&#8243; title_font_weight=&#8221;600&#8243; title=&#8221;CONOCIMIENTO<br \/>\nMUNDIAL&#8221; drawing_icon=&#8221;stm-clients-worldwide&#8221;][\/vc_column_inner][vc_column_inner width=&#8221;1\/2&#8243; css=&#8221;.vc_custom_1450424075450{margin-bottom: 44px !important;}&#8221; offset=&#8221;vc_col-xs-12&#8243;][stm_icon drawing=&#8221;yes&#8221; icon_position=&#8221;icon_position_left&#8221; icon_width_svg=&#8221;77&#8243; icon_size=&#8221;50&#8243; icon_width=&#8221;95&#8243; title_font_size=&#8221;16&#8243; title_font_weight=&#8221;600&#8243; title=&#8221;LOG\u00cdSTICA<br \/>\nESPECIALIZADA&#8221; drawing_icon=&#8221;stm-projects-done&#8221;][\/vc_column_inner][\/vc_row_inner][\/vc_column][\/vc_row]<\/p>\n<\/div>","protected":false},"excerpt":{"rendered":"<p>[vc_row][vc_column][\/vc_column][\/vc_row][vc_row full_width=&#8221;stretch_row&#8221; css=&#8221;.vc_custom_1731455504965{background-image: url(https:\/\/cyber-requip.com.co\/Requip\/wp-content\/uploads\/2024\/11\/equipo_bg.png?id=1825) !important;background-position: center !important;background-repeat: no-repeat !important;background-size: cover !important;}&#8221;][vc_column offset=&#8221;vc_col-lg-6 vc_col-md-6&#8243; css=&#8221;.vc_custom_1731455562214{background-position: center !important;background-repeat: no-repeat !important;background-size: cover !important;}&#8221;][vc_empty_space height=&#8221;40px&#8221;][vc_column_text css_animation=&#8221;fadeInDown&#8221; css=&#8221;.vc_custom_1732835177531{background-position: center !important;background-repeat: no-repeat !important;background-size: contain !important;}&#8221;] Conocimiento en todas las&#8230;<\/p>\n","protected":false},"author":1,"featured_media":0,"parent":0,"menu_order":0,"comment_status":"closed","ping_status":"open","template":"","meta":{"footnotes":""},"class_list":["post-1274","page","type-page","status-publish","hentry"],"_links":{"self":[{"href":"https:\/\/cyber-requip.com.co\/Requip\/index.php\/wp-json\/wp\/v2\/pages\/1274","targetHints":{"allow":["GET"]}}],"collection":[{"href":"https:\/\/cyber-requip.com.co\/Requip\/index.php\/wp-json\/wp\/v2\/pages"}],"about":[{"href":"https:\/\/cyber-requip.com.co\/Requip\/index.php\/wp-json\/wp\/v2\/types\/page"}],"author":[{"embeddable":true,"href":"https:\/\/cyber-requip.com.co\/Requip\/index.php\/wp-json\/wp\/v2\/users\/1"}],"replies":[{"embeddable":true,"href":"https:\/\/cyber-requip.com.co\/Requip\/index.php\/wp-json\/wp\/v2\/comments?post=1274"}],"version-history":[{"count":137,"href":"https:\/\/cyber-requip.com.co\/Requip\/index.php\/wp-json\/wp\/v2\/pages\/1274\/revisions"}],"predecessor-version":[{"id":2330,"href":"https:\/\/cyber-requip.com.co\/Requip\/index.php\/wp-json\/wp\/v2\/pages\/1274\/revisions\/2330"}],"wp:attachment":[{"href":"https:\/\/cyber-requip.com.co\/Requip\/index.php\/wp-json\/wp\/v2\/media?parent=1274"}],"curies":[{"name":"wp","href":"https:\/\/api.w.org\/{rel}","templated":true}]}}